{"id":98,"date":"2020-12-18T10:18:51","date_gmt":"2020-12-18T09:18:51","guid":{"rendered":"https:\/\/nosfea.com\/?page_id=98"},"modified":"2021-07-30T17:34:24","modified_gmt":"2021-07-30T15:34:24","slug":"notre-solution","status":"publish","type":"page","link":"https:\/\/nosfea.com\/index.php\/notre-solution\/","title":{"rendered":"Pourquoi NOSFEA +"},"content":{"rendered":"<p>[et_pb_section fb_built=&#8221;1&#8243; _builder_version=&#8221;4.4.6&#8243; background_color=&#8221;#1bb72b&#8221; background_image=&#8221;https:\/\/nosfea.com\/wp-content\/uploads\/2021\/01\/45022186_s.jpg&#8221; background_repeat=&#8221;repeat-x&#8221; background_blend=&#8221;overlay&#8221; custom_padding=&#8221;||111px|||&#8221;][et_pb_row _builder_version=&#8221;4.4.6&#8243;][et_pb_column type=&#8221;4_4&#8243; _builder_version=&#8221;4.4.6&#8243;][et_pb_text _builder_version=&#8221;4.4.6&#8243; header_font=&#8221;Montserrat|700|||||||&#8221; header_text_color=&#8221;#ffffff&#8221; header_font_size=&#8221;69px&#8221;]<\/p>\n<h1 style=\"text-align: center;\">\u00a0Nosfea +<\/h1>\n<h2 style=\"text-align: center;\">qu&#8217;est ce que c&#8217;est ?<\/h2>\n<p>[\/et_pb_text][\/et_pb_column][\/et_pb_row][\/et_pb_section][et_pb_section fb_built=&#8221;1&#8243; _builder_version=&#8221;4.4.6&#8243; custom_padding=&#8221;||0px|||&#8221;][et_pb_row column_structure=&#8221;3_5,1_5,1_5&#8243; _builder_version=&#8221;4.4.6&#8243;][et_pb_column type=&#8221;3_5&#8243; _builder_version=&#8221;4.4.6&#8243;][et_pb_text _builder_version=&#8221;4.4.6&#8243; header_font_size=&#8221;44px&#8221;]<\/p>\n<h1><b>Comment r\u00e9pondre \u00e0 des enjeux de digitalisation &amp; de d\u00e9mat\u00e9rialisation des expertises et des savoir-faire <\/b><b>de <\/b><b>mon entreprise ?<\/b><\/h1>\n<p>&nbsp;<\/p>\n<p>[\/et_pb_text][et_pb_text _builder_version=&#8221;4.4.6&#8243; header_font_size=&#8221;44px&#8221;]<\/p>\n<h1><b>NOSFEA + s&#8217;est cr\u00e9\u00e9e en 2018 autour de cette question fondamentale pour les entreprises \u00e0 une \u00e9poque en constante \u00e9volution.<\/b><\/h1>\n<p>&nbsp;<\/p>\n<p>[\/et_pb_text][\/et_pb_column][et_pb_column type=&#8221;1_5&#8243; _builder_version=&#8221;4.4.6&#8243;][et_pb_image src=&#8221;https:\/\/nosfea.com\/wp-content\/uploads\/2021\/03\/89640115_s.jpg&#8221; title_text=&#8221;medical worker is checking operability of machines&#8221; _builder_version=&#8221;4.4.6&#8243;][\/et_pb_image][et_pb_image src=&#8221;https:\/\/nosfea.com\/wp-content\/uploads\/2021\/03\/shutterstock_288156215.jpg&#8221; title_text=&#8221;shutterstock_288156215&#8243; _builder_version=&#8221;4.4.6&#8243;][\/et_pb_image][\/et_pb_column][et_pb_column type=&#8221;1_5&#8243; _builder_version=&#8221;4.4.6&#8243;][et_pb_image src=&#8221;https:\/\/nosfea.com\/wp-content\/uploads\/2021\/03\/electrician-2755683_1920.jpg&#8221; title_text=&#8221;electrician-2755683_1920&#8243; _builder_version=&#8221;4.4.6&#8243;][\/et_pb_image][\/et_pb_column][\/et_pb_row][\/et_pb_section][et_pb_section fb_built=&#8221;1&#8243; _builder_version=&#8221;4.4.6&#8243;][et_pb_row _builder_version=&#8221;4.4.6&#8243; custom_padding=&#8221;||50px|||&#8221;][et_pb_column _builder_version=&#8221;4.4.6&#8243; type=&#8221;4_4&#8243;][et_pb_text _builder_version=&#8221;4.4.6&#8243; header_font_size=&#8221;50px&#8221; header_2_font_size=&#8221;34px&#8221; hover_enabled=&#8221;0&#8243; header_text_color=&#8221;#e09900&#8243;]<\/p>\n<h1 style=\"text-align: center;\"><b>Vision &amp; Passion\u00a0<\/b><\/h1>\n<h2 style=\"text-align: center;\"><span style=\"font-weight: 400;\">de la performance et de l\u2019engagement<\/span><\/h2>\n<p>[\/et_pb_text][\/et_pb_column][\/et_pb_row][et_pb_row _builder_version=&#8221;4.4.6&#8243; column_structure=&#8221;2_5,3_5&#8243; hover_enabled=&#8221;0&#8243; make_equal=&#8221;on&#8221; module_alignment=&#8221;center&#8221; use_custom_gutter=&#8221;on&#8221; gutter_width=&#8221;1&#8243; custom_padding=&#8221;24px|||||&#8221;][et_pb_column _builder_version=&#8221;4.4.6&#8243; type=&#8221;2_5&#8243; hover_enabled=&#8221;0&#8243; custom_padding=&#8221;||||true|false&#8221;][et_pb_divider _builder_version=&#8221;4.4.6&#8243; show_divider=&#8221;off&#8221; hover_enabled=&#8221;0&#8243; custom_margin=&#8221;20px||20px||true|false&#8221;][\/et_pb_divider][et_pb_text _builder_version=&#8221;4.4.6&#8243; hover_enabled=&#8221;0&#8243; custom_margin=&#8221;20px||20px||true|false&#8221; header_2_font_size=&#8221;33px&#8221;]<\/p>\n<h2><span style=\"font-weight: 400;\">\u00ab\u00a0Le digital facile , g\u00e9n\u00e8re de la <\/span><b>Valeur<\/b><span style=\"font-weight: 400;\">, de l\u2019<\/span><b>Utilit\u00e9<\/b><span style=\"font-weight: 400;\"> et de l\u2019<\/span><b>Envie<\/b><span style=\"font-weight: 400;\">\u00a0\u00bb<\/span><\/h2>\n<p>[\/et_pb_text][et_pb_text _builder_version=&#8221;4.4.6&#8243; hover_enabled=&#8221;0&#8243; max_width=&#8221;100%&#8221; custom_margin=&#8221;20px||20px||true|false&#8221; header_2_font_size=&#8221;33px&#8221;]<\/p>\n<h2><span style=\"font-weight: 400;\">\u00ab\u00a0 Innover c\u2019est exprimer ses points de vue et <\/span><b>\u00e9largir sa vision\u00a0<\/b><span style=\"font-weight: 400;\">\u00bb<\/span><\/h2>\n<p>[\/et_pb_text][et_pb_text _builder_version=&#8221;4.4.6&#8243; hover_enabled=&#8221;0&#8243; custom_margin=&#8221;20px||20px||true|false&#8221; header_2_font_size=&#8221;33px&#8221;]<\/p>\n<h2><span style=\"font-weight: 400;\">\u00ab\u00a0Mieux comprendre la cha\u00eene de valeur <\/span><b>globale <\/b><span style=\"font-weight: 400;\">pour mieux y contribuer\u00a0\u00bb<\/span><\/h2>\n<p>[\/et_pb_text][et_pb_text _builder_version=&#8221;4.4.6&#8243; hover_enabled=&#8221;0&#8243; custom_margin=&#8221;20px||20px||true|false&#8221; header_2_font_size=&#8221;33px&#8221;]<\/p>\n<h2><span style=\"font-weight: 400;\">\u00ab Accompagner les TPE\/PME dans leur transition num\u00e9rique, c&#8217;est se donner les moyens de <strong>se projeter, d&#8217;innover<\/strong> &amp; <strong>de performer<\/strong><\/span><\/h2>\n<p>[\/et_pb_text][et_pb_divider _builder_version=&#8221;4.4.6&#8243; show_divider=&#8221;off&#8221; hover_enabled=&#8221;0&#8243; custom_margin=&#8221;20px||20px||true|false&#8221;][\/et_pb_divider][\/et_pb_column][et_pb_column _builder_version=&#8221;4.4.6&#8243; type=&#8221;3_5&#8243;][et_pb_image src=&#8221;https:\/\/nosfea.com\/wp-content\/uploads\/2020\/04\/cropped-plus_multi.png&#8221; _builder_version=&#8221;4.4.6&#8243; title_text=&#8221;cropped-plus_multi.png&#8221; hover_enabled=&#8221;0&#8243; width=&#8221;70%&#8221; module_alignment=&#8221;center&#8221;][\/et_pb_image][\/et_pb_column][\/et_pb_row][\/et_pb_section]<\/p>\n","protected":false},"excerpt":{"rendered":"<p>[et_pb_section fb_built=&#8221;1&#8243; _builder_version=&#8221;4.4.6&#8243; background_color=&#8221;#1bb72b&#8221; background_image=&#8221;https:\/\/nosfea.com\/wp-content\/uploads\/2021\/01\/45022186_s.jpg&#8221; background_repeat=&#8221;repeat-x&#8221; background_blend=&#8221;overlay&#8221; custom_padding=&#8221;||111px|||&#8221;][et_pb_row _builder_version=&#8221;4.4.6&#8243;][et_pb_column type=&#8221;4_4&#8243; _builder_version=&#8221;4.4.6&#8243;][et_pb_text _builder_version=&#8221;4.4.6&#8243; header_font=&#8221;Montserrat|700|||||||&#8221; header_text_color=&#8221;#ffffff&#8221; header_font_size=&#8221;69px&#8221;] \u00a0Nosfea + qu&#8217;est ce que c&#8217;est ? [\/et_pb_text][\/et_pb_column][\/et_pb_row][\/et_pb_section][et_pb_section fb_built=&#8221;1&#8243; _builder_version=&#8221;4.4.6&#8243; custom_padding=&#8221;||0px|||&#8221;][et_pb_row column_structure=&#8221;3_5,1_5,1_5&#8243; _builder_version=&#8221;4.4.6&#8243;][et_pb_column type=&#8221;3_5&#8243; _builder_version=&#8221;4.4.6&#8243;][et_pb_text _builder_version=&#8221;4.4.6&#8243; header_font_size=&#8221;44px&#8221;] Comment r\u00e9pondre \u00e0 des enjeux de digitalisation &amp; de d\u00e9mat\u00e9rialisation des expertises et des savoir-faire de mon entreprise ? &nbsp; [\/et_pb_text][et_pb_text _builder_version=&#8221;4.4.6&#8243; header_font_size=&#8221;44px&#8221;] [&hellip;]<\/p>\n","protected":false},"author":1,"featured_media":0,"parent":0,"menu_order":0,"comment_status":"closed","ping_status":"closed","template":"","meta":{"_et_pb_use_builder":"on","_et_pb_old_content":"","_et_gb_content_width":""},"_links":{"self":[{"href":"https:\/\/nosfea.com\/index.php\/wp-json\/wp\/v2\/pages\/98"}],"collection":[{"href":"https:\/\/nosfea.com\/index.php\/wp-json\/wp\/v2\/pages"}],"about":[{"href":"https:\/\/nosfea.com\/index.php\/wp-json\/wp\/v2\/types\/page"}],"author":[{"embeddable":true,"href":"https:\/\/nosfea.com\/index.php\/wp-json\/wp\/v2\/users\/1"}],"replies":[{"embeddable":true,"href":"https:\/\/nosfea.com\/index.php\/wp-json\/wp\/v2\/comments?post=98"}],"version-history":[{"count":14,"href":"https:\/\/nosfea.com\/index.php\/wp-json\/wp\/v2\/pages\/98\/revisions"}],"predecessor-version":[{"id":258,"href":"https:\/\/nosfea.com\/index.php\/wp-json\/wp\/v2\/pages\/98\/revisions\/258"}],"wp:attachment":[{"href":"https:\/\/nosfea.com\/index.php\/wp-json\/wp\/v2\/media?parent=98"}],"curies":[{"name":"wp","href":"https:\/\/api.w.org\/{rel}","templated":true}]}}