{"id":96,"date":"2020-12-18T10:22:20","date_gmt":"2020-12-18T09:22:20","guid":{"rendered":"https:\/\/nosfea.com\/?page_id=96"},"modified":"2022-10-20T14:38:56","modified_gmt":"2022-10-20T12:38:56","slug":"contact","status":"publish","type":"page","link":"https:\/\/nosfea.com\/index.php\/contact\/","title":{"rendered":"Votre projet"},"content":{"rendered":"<p>[et_pb_section fb_built=&#8221;1&#8243; inner_shadow=&#8221;on&#8221; _builder_version=&#8221;4.4.6&#8243; height=&#8221;420px&#8221; custom_padding=&#8221;||||true|false&#8221; bottom_divider_height=&#8221;60px&#8221; bottom_divider_repeat=&#8221;0x&#8221; bottom_divider_flip=&#8221;vertical&#8221; hover_enabled=&#8221;0&#8243; custom_margin=&#8221;auto||auto||false|false&#8221; title_text=&#8221;background_image_blue2&#8243; background_image=&#8221;https:\/\/nosfea.com\/wp-content\/uploads\/2020\/12\/background_image_blue2-scaled.jpg&#8221; parallax=&#8221;on&#8221; background_color=&#8221;rgba(224,43,32,0.46)&#8221;][et_pb_row _builder_version=&#8221;4.4.6&#8243; custom_margin=&#8221;||||true|false&#8221;][et_pb_column type=&#8221;4_4&#8243; _builder_version=&#8221;4.4.6&#8243;][et_pb_text _builder_version=&#8221;4.4.6&#8243; hover_enabled=&#8221;0&#8243; header_font=&#8221;|700|||||||&#8221; header_text_color=&#8221;#aadb24&#8243; header_font_size=&#8221;52px&#8221;]<\/p>\n<h1 style=\"text-align: center;\">D\u00e9finissons ensemble votre projet<\/h1>\n<p>[\/et_pb_text][\/et_pb_column][\/et_pb_row][\/et_pb_section][et_pb_section fb_built=&#8221;1&#8243; _builder_version=&#8221;4.4.6&#8243; custom_padding=&#8221;16px|||||&#8221;][et_pb_row _builder_version=&#8221;4.4.6&#8243;][et_pb_column type=&#8221;4_4&#8243; _builder_version=&#8221;4.4.6&#8243;][et_pb_text _builder_version=&#8221;4.4.6&#8243; header_font=&#8221;|700|||||||&#8221; header_text_align=&#8221;center&#8221; header_font_size=&#8221;44px&#8221;]<\/p>\n<h1>Le d\u00e9ploiement des solutions Nosfea +<\/h1>\n<p>[\/et_pb_text][\/et_pb_column][\/et_pb_row][et_pb_row column_structure=&#8221;1_2,1_2&#8243; _builder_version=&#8221;4.4.6&#8243;][et_pb_column type=&#8221;1_2&#8243; _builder_version=&#8221;4.4.6&#8243;][et_pb_text _builder_version=&#8221;4.4.6&#8243; header_font=&#8221;|700|||||||&#8221; header_font_size=&#8221;44px&#8221; hover_enabled=&#8221;0&#8243; header_font_size_last_edited=&#8221;on|phone&#8221; header_font_size_phone=&#8221;39px&#8221;]<\/p>\n<h1>Afin de r\u00e9aliser une d\u00e9ploiement dans les meilleurs conditions possibles, nous avons mis au point un accompagnement en 5 Focus cl\u00e9s<\/h1>\n<p>[\/et_pb_text][\/et_pb_column][et_pb_column type=&#8221;1_2&#8243; _builder_version=&#8221;4.4.6&#8243;][et_pb_image src=&#8221;https:\/\/nosfea.com\/wp-content\/uploads\/2021\/03\/Image2.png&#8221; title_text=&#8221;Image2&#8243; _builder_version=&#8221;4.4.6&#8243;][\/et_pb_image][\/et_pb_column][\/et_pb_row][et_pb_row column_structure=&#8221;1_5,1_5,1_5,1_5,1_5&#8243; _builder_version=&#8221;4.4.6&#8243;][et_pb_column type=&#8221;1_5&#8243; _builder_version=&#8221;4.4.6&#8243;][et_pb_image src=&#8221;https:\/\/nosfea.com\/wp-content\/uploads\/2020\/04\/plus_bleu.png&#8221; title_text=&#8221;plus_bleu&#8221; _builder_version=&#8221;4.4.6&#8243;][\/et_pb_image][et_pb_text _builder_version=&#8221;4.4.6&#8243; header_font=&#8221;|700|||||||&#8221; header_text_color=&#8221;#009bc1&#8243; hover_enabled=&#8221;0&#8243; header_font_size_last_edited=&#8221;on|phone&#8221; header_font_size_phone=&#8221;24px&#8221;]<\/p>\n<h1 style=\"text-align: left;\">Blue Sky Vision<\/h1>\n<h4 style=\"text-align: left;\">O\u00f9 je veux aller ?<br \/> Situation projet\u00e9e<\/h4>\n<p>[\/et_pb_text][et_pb_text _builder_version=&#8221;4.4.6&#8243; header_font=&#8221;|700|||||||&#8221; header_text_color=&#8221;#009bc1&#8243; hover_enabled=&#8221;0&#8243; header_font_size_last_edited=&#8221;on|phone&#8221; header_font_size_phone=&#8221;24px&#8221;]<\/p>\n<h1>D\u00e9finition de la Core Solution<\/h1>\n<ul>\n<li>\n<h4>Standard<\/h4>\n<\/li>\n<li>\n<h4>Sur Mesure<\/h4>\n<\/li>\n<\/ul>\n<p>[\/et_pb_text][\/et_pb_column][et_pb_column type=&#8221;1_5&#8243; _builder_version=&#8221;4.4.6&#8243;][et_pb_image src=&#8221;https:\/\/nosfea.com\/wp-content\/uploads\/2020\/04\/plus_vert.png&#8221; title_text=&#8221;plus_vert&#8221; _builder_version=&#8221;4.4.6&#8243;][\/et_pb_image][et_pb_text _builder_version=&#8221;4.4.6&#8243; header_font=&#8221;|700|||||||&#8221; header_text_color=&#8221;#46ad47&#8243; hover_enabled=&#8221;0&#8243; header_font_size_last_edited=&#8221;on|phone&#8221; header_font_size_phone=&#8221;24px&#8221;]<\/p>\n<h1 style=\"text-align: left;\">Structuration<\/h1>\n<h4 style=\"text-align: left;\">Architecture informations et donn\u00e9es<\/h4>\n<p>[\/et_pb_text][et_pb_text _builder_version=&#8221;4.4.6&#8243; header_font=&#8221;|700|||||||&#8221; header_text_color=&#8221;#46ad47&#8243; hover_enabled=&#8221;0&#8243; header_font_size_last_edited=&#8221;on|phone&#8221; header_font_size_phone=&#8221;24px&#8221;]<\/p>\n<h1><b>Arborescence\u00a0 <\/b><\/h1>\n<ul>\n<li>\n<h4>D\u00e9finition<\/h4>\n<\/li>\n<li>\n<h4>Param\u00e9trage navigation<\/h4>\n<\/li>\n<\/ul>\n<p>[\/et_pb_text][\/et_pb_column][et_pb_column type=&#8221;1_5&#8243; _builder_version=&#8221;4.4.6&#8243;][et_pb_image src=&#8221;https:\/\/nosfea.com\/wp-content\/uploads\/2020\/04\/plus_bordeaux.png&#8221; title_text=&#8221;plus_bordeaux&#8221; _builder_version=&#8221;4.4.6&#8243;][\/et_pb_image][et_pb_text _builder_version=&#8221;4.4.6&#8243; header_font=&#8221;|700|||||||&#8221; header_text_color=&#8221;#a8005c&#8221; custom_margin=&#8221;||24px|||&#8221; hover_enabled=&#8221;0&#8243; header_font_size_last_edited=&#8221;on|phone&#8221; header_font_size_phone=&#8221;24px&#8221;]<\/p>\n<h1 style=\"text-align: left;\">M\u00e9diatisation<\/h1>\n<h4 style=\"text-align: left;\">Documents mode de s\u00e9lection<br \/> Utilit\u00e9, pertinence<\/h4>\n<p>[\/et_pb_text][et_pb_text _builder_version=&#8221;4.4.6&#8243; header_font=&#8221;|700|||||||&#8221; header_text_color=&#8221;#a8005c&#8221; hover_enabled=&#8221;0&#8243; header_font_size_last_edited=&#8221;on|phone&#8221; header_font_size_phone=&#8221;24px&#8221;]<\/p>\n<h1><b>Ressources doc\u00a0 <\/b><\/h1>\n<ul>\n<li>\n<h4>D\u00e9finition<\/h4>\n<\/li>\n<li>\n<h4>Banque image<\/h4>\n<\/li>\n<\/ul>\n<p>[\/et_pb_text][\/et_pb_column][et_pb_column type=&#8221;1_5&#8243; _builder_version=&#8221;4.4.6&#8243;][et_pb_image src=&#8221;https:\/\/nosfea.com\/wp-content\/uploads\/2020\/04\/plus_rouge.png&#8221; title_text=&#8221;plus_rouge&#8221; _builder_version=&#8221;4.4.6&#8243;][\/et_pb_image][et_pb_text _builder_version=&#8221;4.4.6&#8243; header_font=&#8221;|700|||||||&#8221; header_text_color=&#8221;#e30e20&#8243; hover_enabled=&#8221;0&#8243; header_font_size_last_edited=&#8221;on|phone&#8221; header_font_size_phone=&#8221;23px&#8221;]<\/p>\n<h1 style=\"text-align: left;\">Administration<\/h1>\n<h4 style=\"text-align: left;\">R\u00e8gles d\u2019utilisation &amp; Gestion des acc\u00e8s<\/h4>\n<p>[\/et_pb_text][et_pb_text _builder_version=&#8221;4.4.6&#8243; header_font=&#8221;|700|||||||&#8221; header_text_color=&#8221;#e30e20&#8243; hover_enabled=&#8221;0&#8243; header_font_size_last_edited=&#8221;on|phone&#8221; header_font_size_phone=&#8221;23px&#8221;]<\/p>\n<h1 style=\"text-align: left;\"><b>Processus<\/b><\/h1>\n<ul>\n<li>\n<h4>Ajout de contenu<\/h4>\n<\/li>\n<li>\n<h4>Validation diffusion<\/h4>\n<\/li>\n<li>\n<h4>Mises \u00e0 jour<\/h4>\n<\/li>\n<\/ul>\n<p>[\/et_pb_text][\/et_pb_column][et_pb_column type=&#8221;1_5&#8243; _builder_version=&#8221;4.4.6&#8243;][et_pb_image src=&#8221;https:\/\/nosfea.com\/wp-content\/uploads\/2020\/04\/plus_jaune_orange.png&#8221; title_text=&#8221;plus_jaune_orange&#8221; _builder_version=&#8221;4.4.6&#8243;][\/et_pb_image][et_pb_text _builder_version=&#8221;4.4.6&#8243; header_font=&#8221;|700|||||||&#8221; header_text_color=&#8221;#f08300&#8243;]<\/p>\n<h1 style=\"text-align: left;\">R\u00e9ception<\/h1>\n<h4 style=\"text-align: left;\">Prise en main plateforme<\/h4>\n<p>[\/et_pb_text][et_pb_text _builder_version=&#8221;4.4.6&#8243; header_font=&#8221;|700|||||||&#8221; header_text_color=&#8221;#f08300&#8243;]<\/p>\n<h1><b>Test fonctionnel<\/b><\/h1>\n<ul>\n<li>\n<h4>Fonctions et Navigation<\/h4>\n<\/li>\n<li>\n<h4>Identification am\u00e9liorations \u00e9ventuelles<\/h4>\n<\/li>\n<\/ul>\n<p>[\/et_pb_text][\/et_pb_column][\/et_pb_row][\/et_pb_section]<\/p>\n","protected":false},"excerpt":{"rendered":"<p>[et_pb_section fb_built=&#8221;1&#8243; inner_shadow=&#8221;on&#8221; _builder_version=&#8221;4.4.6&#8243; height=&#8221;420px&#8221; custom_padding=&#8221;||||true|false&#8221; bottom_divider_height=&#8221;60px&#8221; bottom_divider_repeat=&#8221;0x&#8221; bottom_divider_flip=&#8221;vertical&#8221; hover_enabled=&#8221;0&#8243; custom_margin=&#8221;auto||auto||false|false&#8221; title_text=&#8221;background_image_blue2&#8243; background_image=&#8221;https:\/\/nosfea.com\/wp-content\/uploads\/2020\/12\/background_image_blue2-scaled.jpg&#8221; parallax=&#8221;on&#8221; background_color=&#8221;rgba(224,43,32,0.46)&#8221;][et_pb_row _builder_version=&#8221;4.4.6&#8243; custom_margin=&#8221;||||true|false&#8221;][et_pb_column type=&#8221;4_4&#8243; _builder_version=&#8221;4.4.6&#8243;][et_pb_text _builder_version=&#8221;4.4.6&#8243; hover_enabled=&#8221;0&#8243; header_font=&#8221;|700|||||||&#8221; header_text_color=&#8221;#aadb24&#8243; header_font_size=&#8221;52px&#8221;] D\u00e9finissons ensemble votre projet [\/et_pb_text][\/et_pb_column][\/et_pb_row][\/et_pb_section][et_pb_section fb_built=&#8221;1&#8243; _builder_version=&#8221;4.4.6&#8243; custom_padding=&#8221;16px|||||&#8221;][et_pb_row _builder_version=&#8221;4.4.6&#8243;][et_pb_column type=&#8221;4_4&#8243; _builder_version=&#8221;4.4.6&#8243;][et_pb_text _builder_version=&#8221;4.4.6&#8243; header_font=&#8221;|700|||||||&#8221; header_text_align=&#8221;center&#8221; header_font_size=&#8221;44px&#8221;] Le d\u00e9ploiement des solutions Nosfea + [\/et_pb_text][\/et_pb_column][\/et_pb_row][et_pb_row column_structure=&#8221;1_2,1_2&#8243; _builder_version=&#8221;4.4.6&#8243;][et_pb_column type=&#8221;1_2&#8243; _builder_version=&#8221;4.4.6&#8243;][et_pb_text _builder_version=&#8221;4.4.6&#8243; header_font=&#8221;|700|||||||&#8221; header_font_size=&#8221;44px&#8221; hover_enabled=&#8221;0&#8243; header_font_size_last_edited=&#8221;on|phone&#8221; [&hellip;]<\/p>\n","protected":false},"author":1,"featured_media":0,"parent":0,"menu_order":0,"comment_status":"closed","ping_status":"closed","template":"","meta":{"_et_pb_use_builder":"on","_et_pb_old_content":"","_et_gb_content_width":""},"_links":{"self":[{"href":"https:\/\/nosfea.com\/index.php\/wp-json\/wp\/v2\/pages\/96"}],"collection":[{"href":"https:\/\/nosfea.com\/index.php\/wp-json\/wp\/v2\/pages"}],"about":[{"href":"https:\/\/nosfea.com\/index.php\/wp-json\/wp\/v2\/types\/page"}],"author":[{"embeddable":true,"href":"https:\/\/nosfea.com\/index.php\/wp-json\/wp\/v2\/users\/1"}],"replies":[{"embeddable":true,"href":"https:\/\/nosfea.com\/index.php\/wp-json\/wp\/v2\/comments?post=96"}],"version-history":[{"count":7,"href":"https:\/\/nosfea.com\/index.php\/wp-json\/wp\/v2\/pages\/96\/revisions"}],"predecessor-version":[{"id":274,"href":"https:\/\/nosfea.com\/index.php\/wp-json\/wp\/v2\/pages\/96\/revisions\/274"}],"wp:attachment":[{"href":"https:\/\/nosfea.com\/index.php\/wp-json\/wp\/v2\/media?parent=96"}],"curies":[{"name":"wp","href":"https:\/\/api.w.org\/{rel}","templated":true}]}}