{"id":52,"date":"2020-12-18T10:18:33","date_gmt":"2020-12-18T09:18:33","guid":{"rendered":"http:\/\/nosfea.com\/?page_id=52"},"modified":"2022-10-20T14:21:53","modified_gmt":"2022-10-20T12:21:53","slug":"accueil","status":"publish","type":"page","link":"https:\/\/nosfea.com\/","title":{"rendered":"Accueil"},"content":{"rendered":"<p>[et_pb_section fb_built=&#8221;1&#8243; _builder_version=&#8221;4.4.6&#8243; background_color=&#8221;#ffffff&#8221; background_image=&#8221;https:\/\/nosfea.com\/wp-content\/uploads\/2020\/12\/background_image_blue2-scaled.jpg&#8221; custom_padding=&#8221;0px||0px|||&#8221;][et_pb_row column_structure=&#8221;1_2,1_2&#8243; make_equal=&#8221;on&#8221; _builder_version=&#8221;4.4.6&#8243; background_color=&#8221;#4c4c4c&#8221; width=&#8221;100%&#8221; max_width=&#8221;1896px&#8221; custom_padding=&#8221;0px||0px|||&#8221;][et_pb_column type=&#8221;1_2&#8243; _builder_version=&#8221;4.4.6&#8243;][et_pb_text content_tablet=&#8221;&#8221; content_phone=&#8221;<\/p>\n<h2>Nous facilitons la digitalisation de vos donn\u00e9es utiles pour la ma\u00eetrise op\u00e9rationnelle<br \/> de vos installations et \u00e9quipements<\/h2>\n<p>&#8221; content_last_edited=&#8221;on|desktop&#8221; _builder_version=&#8221;4.4.6&#8243; header_font=&#8221;Montserrat|700|||||||&#8221; header_text_color=&#8221;#606060&#8243; header_font_size=&#8221;42px&#8221; header_line_height=&#8221;1.4em&#8221; header_2_font_size=&#8221;25px&#8221; background_color=&#8221;rgba(255,255,255,0.53)&#8221; background_image=&#8221;https:\/\/nosfea.com\/wp-content\/uploads\/2021\/01\/45022186_s.jpg&#8221; background_blend=&#8221;overlay&#8221; width=&#8221;100%&#8221; max_width=&#8221;100%&#8221; module_alignment=&#8221;left&#8221; min_height=&#8221;564px&#8221; min_height_tablet=&#8221;&#8221; min_height_phone=&#8221;&#8221; min_height_last_edited=&#8221;on|phone&#8221; height=&#8221;623px&#8221; height_tablet=&#8221;&#8221; height_phone=&#8221;&#8221; height_last_edited=&#8221;on|phone&#8221; custom_margin=&#8221;||||false|false&#8221; custom_padding=&#8221;108px|146px|108px|146px|true|true&#8221; custom_padding_tablet=&#8221;&#8221; custom_padding_phone=&#8221;|99px||99px|true|true&#8221; custom_padding_last_edited=&#8221;on|phone&#8221; hover_enabled=&#8221;0&#8243; header_2_font_tablet=&#8221;&#8221; header_2_font_phone=&#8221;Montserrat|800|||||||&#8221; header_2_font_last_edited=&#8221;on|phone&#8221; content__hover_enabled=&#8221;off|desktop&#8221; text_font_last_edited=&#8221;off|desktop&#8221; header_font_size_last_edited=&#8221;on|phone&#8221; header_font_size_tablet=&#8221;39px&#8221; disabled_on=&#8221;off|off|off&#8221;]<\/p>\n<h1>Nous facilitons la digitalisation de vos donn\u00e9es utiles pour la ma\u00eetrise op\u00e9rationnelle<br \/> de vos installations et \u00e9quipements<\/h1>\n<p>[\/et_pb_text][\/et_pb_column][et_pb_column type=&#8221;1_2&#8243; _builder_version=&#8221;4.4.6&#8243;][et_pb_divider show_divider_tablet=&#8221;&#8221; show_divider_phone=&#8221;off&#8221; show_divider_last_edited=&#8221;on|phone&#8221; _builder_version=&#8221;4.4.6&#8243;][\/et_pb_divider][et_pb_divider color=&#8221;rgba(0,0,0,0)&#8221; show_divider_tablet=&#8221;&#8221; show_divider_phone=&#8221;off&#8221; show_divider_last_edited=&#8221;on|phone&#8221; _builder_version=&#8221;4.4.6&#8243; custom_margin_tablet=&#8221;&#8221; custom_margin_phone=&#8221;&#8221; custom_margin_last_edited=&#8221;on|phone&#8221; custom_padding=&#8221;||||false|false&#8221;][\/et_pb_divider][et_pb_image src=&#8221;https:\/\/nosfea.com\/wp-content\/uploads\/2020\/04\/nosfea_logo_quadri_fondsombre_hd.png&#8221; title_text=&#8221;nosfea_logo_quadri_fondsombre_hd&#8221; align=&#8221;center&#8221; force_fullwidth=&#8221;on&#8221; _builder_version=&#8221;4.4.6&#8243; min_height_tablet=&#8221;&#8221; min_height_phone=&#8221;&#8221; min_height_last_edited=&#8221;on|phone&#8221; height_tablet=&#8221;&#8221; height_phone=&#8221;&#8221; height_last_edited=&#8221;on|phone&#8221; custom_margin=&#8221;||-7px|-42px||&#8221; custom_margin_tablet=&#8221;&#8221; custom_margin_phone=&#8221;||30px|-10px|false|false&#8221; custom_margin_last_edited=&#8221;on|phone&#8221; custom_padding=&#8221;|50px|0px|61px||&#8221; custom_padding_tablet=&#8221;&#8221; custom_padding_phone=&#8221;0px|20px|40px|48px|false|false&#8221; custom_padding_last_edited=&#8221;on|phone&#8221;][\/et_pb_image][\/et_pb_column][\/et_pb_row][\/et_pb_section][et_pb_section fb_built=&#8221;1&#8243; _builder_version=&#8221;4.4.6&#8243; background_color=&#8221;rgba(10,2,2,0.63)&#8221; background_image=&#8221;https:\/\/nosfea.com\/wp-content\/uploads\/2020\/12\/background_image_blue2-scaled.jpg&#8221; parallax=&#8221;on&#8221; custom_padding=&#8221;0px||0px|||&#8221;][et_pb_row column_structure=&#8221;1_2,1_2&#8243; _builder_version=&#8221;4.4.6&#8243; width=&#8221;83%&#8221; max_width=&#8221;2296px&#8221; custom_padding=&#8221;65px||65px||true|false&#8221;][et_pb_column type=&#8221;1_2&#8243; _builder_version=&#8221;4.4.6&#8243;][et_pb_image src=&#8221;https:\/\/nosfea.com\/wp-content\/uploads\/2020\/04\/plus_multi.png&#8221; title_text=&#8221;plus_multi&#8221; show_bottom_space=&#8221;off&#8221; _builder_version=&#8221;4.4.6&#8243; transform_translate=&#8221;-60px|-60px&#8221; transform_translate_linked=&#8221;off&#8221; positioning=&#8221;absolute&#8221; z_index=&#8221;5&#8243; width=&#8221;40.5%&#8221; max_width=&#8221;17%&#8221; min_height=&#8221;100px&#8221; custom_margin=&#8221;||||false|false&#8221; custom_padding=&#8221;||||false|false&#8221; hover_enabled=&#8221;0&#8243; width_last_edited=&#8221;on|phone&#8221; width_phone=&#8221;25.1%&#8221; max_width_last_edited=&#8221;on|phone&#8221; max_width_phone=&#8221;52%&#8221; transform_styles_last_edited=&#8221;on|phone&#8221; transform_scale_last_edited=&#8221;on|phone&#8221; transform_translate_last_edited=&#8221;on|phone&#8221; transform_rotate_last_edited=&#8221;on|phone&#8221; transform_skew_last_edited=&#8221;on|phone&#8221; transform_origin_last_edited=&#8221;on|phone&#8221; transform_translate_phone=&#8221;-45px|-45px&#8221;][\/et_pb_image][et_pb_text _builder_version=&#8221;4.4.6&#8243; header_font=&#8221;|800|||||||&#8221; header_text_align=&#8221;center&#8221; header_text_color=&#8221;#fbca8d&#8221; header_font_size=&#8221;57px&#8221; custom_padding=&#8221;68px||68px||true|false&#8221; header_font_tablet=&#8221;&#8221; header_font_phone=&#8221;&#8221; header_font_last_edited=&#8221;on|phone&#8221; header_font_size_tablet=&#8221;&#8221; header_font_size_phone=&#8221;49px&#8221; header_font_size_last_edited=&#8221;on|phone&#8221; border_radii=&#8221;on|6px|6px|6px|6px&#8221; border_width_all=&#8221;4px&#8221; border_color_all=&#8221;#fbca8d&#8221; border_style_all=&#8221;dotted&#8221;]<\/p>\n<h1><b>Comment r\u00e9pondre efficacement <\/b><b><br \/> <\/b>\u00e0 des d\u00e9fis op\u00e9rationnels du quotidien ?<\/h1>\n<p>[\/et_pb_text][\/et_pb_column][et_pb_column type=&#8221;1_2&#8243; _builder_version=&#8221;4.4.6&#8243; background_color=&#8221;rgba(255,255,255,0.87)&#8221; custom_padding=&#8221;65px|46px|65px|46px|true|true&#8221; animation_style=&#8221;fold&#8221; border_radii=&#8221;on|16px|16px|16px|16px&#8221; box_shadow_style=&#8221;preset3&#8243;][et_pb_text _builder_version=&#8221;4.4.6&#8243; text_text_color=&#8221;#e30e20&#8243; text_font_size=&#8221;16px&#8221; text_line_height=&#8221;1em&#8221; header_2_font=&#8221;|700|||||||&#8221; custom_margin=&#8221;3px||3px|||&#8221; custom_padding=&#8221;||0px|||&#8221;]<\/p>\n<h2><span style=\"color: #e30e20;\">Capitaliser<\/span><\/h2>\n<p>sur vos expertises et savoir-faire internes sp\u00e9cifiques[\/et_pb_text][et_pb_text _builder_version=&#8221;4.4.6&#8243; text_text_color=&#8221;#f08300&#8243; text_font_size=&#8221;18px&#8221; text_line_height=&#8221;1em&#8221; header_2_font=&#8221;|700|||||||&#8221; header_2_text_color=&#8221;#f08300&#8243; min_height=&#8221;19px&#8221; custom_margin=&#8221;||6px|||&#8221;]<\/p>\n<h2>Acc\u00e9der<\/h2>\n<p>\u00e0 vos informations et vos retours d\u2019exp\u00e9rience imm\u00e9diatement[\/et_pb_text][et_pb_text _builder_version=&#8221;4.4.6&#8243; text_text_color=&#8221;#009bc1&#8243; header_2_font=&#8221;|700|||||||&#8221; header_2_text_color=&#8221;#009bc1&#8243; custom_margin=&#8221;||7px|||&#8221;]<\/p>\n<h2>Organiser<\/h2>\n<p>vos donn\u00e9es dans une approche Lean Management :\u00ab fait par, v\u00e9rifi\u00e9 par \u00bb<\/p>\n<p>[\/et_pb_text][et_pb_text _builder_version=&#8221;4.4.6&#8243; text_text_color=&#8221;#46ad47&#8243; text_line_height=&#8221;1em&#8221; header_2_font=&#8221;|700|||||||&#8221; header_2_text_color=&#8221;#46ad47&#8243; custom_margin=&#8221;||14px|||&#8221;]<\/p>\n<h2>Ma\u00eetriser<\/h2>\n<p>votre digitalisation et votre futur<\/p>\n<p>[\/et_pb_text][et_pb_text _builder_version=&#8221;4.4.6&#8243; text_text_color=&#8221;#a8005c&#8221; text_line_height=&#8221;1em&#8221; header_2_font=&#8221;|700|||||||&#8221; header_2_text_color=&#8221;#a8005c&#8221; custom_margin=&#8221;||11px|||&#8221;]<\/p>\n<h2>Former<\/h2>\n<p>par anticipation sur vos savoir-faire[\/et_pb_text][\/et_pb_column][\/et_pb_row][\/et_pb_section][et_pb_section fb_built=&#8221;1&#8243; _builder_version=&#8221;4.4.6&#8243;][et_pb_row _builder_version=&#8221;4.4.6&#8243; custom_padding=&#8221;0px||0px|||&#8221;][et_pb_column type=&#8221;4_4&#8243; _builder_version=&#8221;4.4.6&#8243;][et_pb_text _builder_version=&#8221;4.4.6&#8243; header_font=&#8221;|800|||||||&#8221; header_text_align=&#8221;center&#8221; header_font_size=&#8221;57px&#8221; custom_margin=&#8221;||48px|||&#8221; animation_style=&#8221;slide&#8221; animation_direction=&#8221;right&#8221; animation_delay=&#8221;250ms&#8221; animation_intensity_slide=&#8221;23%&#8221; animation_starting_opacity=&#8221;2%&#8221;]<\/p>\n<h1>Ce que nous vous proposons<\/h1>\n<p>[\/et_pb_text][\/et_pb_column][\/et_pb_row][et_pb_row column_structure=&#8221;1_5,1_5,1_5,1_5,1_5&#8243; _builder_version=&#8221;4.4.6&#8243; custom_padding=&#8221;0px||0px|||&#8221;][et_pb_column type=&#8221;1_5&#8243; _builder_version=&#8221;4.4.6&#8243;][et_pb_slider show_pagination=&#8221;off&#8221; arrows_custom_color=&#8221;rgba(0,0,0,0)&#8221; _builder_version=&#8221;4.4.6&#8243; header_text_color=&#8221;#0c71c3&#8243; body_text_color=&#8221;#0c71c3&#8243; background_color=&#8221;rgba(0,0,0,0)&#8221; min_height=&#8221;125px&#8221; custom_margin=&#8221;||-5px|||&#8221;][et_pb_slide use_bg_overlay=&#8221;off&#8221; _builder_version=&#8221;4.4.6&#8243; background_color=&#8221;rgba(0,0,0,0)&#8221; background_enable_color=&#8221;on&#8221; background_image=&#8221;http:\/\/nosfea.com\/wp-content\/uploads\/2020\/04\/plus_bleu.png&#8221; background_enable_image=&#8221;on&#8221; background_size=&#8221;contain&#8221;][\/et_pb_slide][et_pb_slide heading=&#8221;SPECIFIER&#8221; _builder_version=&#8221;4.4.6&#8243;]<\/p>\n<p>Specifier<\/p>\n<p>SDJQHYDKJHD QSDQSJHDQS QSD JHDSQDH Q DHS QLHQS JDHQS DQSDJ HQQS SQD SQ<\/p>\n<p>[\/et_pb_slide][\/et_pb_slider][et_pb_text _builder_version=&#8221;4.4.6&#8243; text_text_color=&#8221;#e30e20&#8243; text_font_size=&#8221;16px&#8221; text_line_height=&#8221;1em&#8221; header_2_font=&#8221;|700|||||||&#8221; custom_margin=&#8221;||3px|||&#8221; custom_padding=&#8221;||0px|||&#8221;]<\/p>\n<h2>La prise en compte de votre contexte et de vos<br \/> besoins d\u00e8s le lancement d\u2019un nouveau projet Client<\/h2>\n<p>[\/et_pb_text][\/et_pb_column][et_pb_column type=&#8221;1_5&#8243; _builder_version=&#8221;4.4.6&#8243;][et_pb_slider show_pagination=&#8221;off&#8221; arrows_custom_color=&#8221;rgba(0,0,0,0)&#8221; _builder_version=&#8221;4.4.6&#8243; header_text_color=&#8221;#0c71c3&#8243; body_text_color=&#8221;#0c71c3&#8243; background_color=&#8221;rgba(0,0,0,0)&#8221; min_height=&#8221;125px&#8221; custom_margin=&#8221;||-5px|||&#8221;][et_pb_slide use_bg_overlay=&#8221;off&#8221; _builder_version=&#8221;4.4.6&#8243; background_color=&#8221;rgba(0,0,0,0)&#8221; background_enable_color=&#8221;on&#8221; background_image=&#8221;http:\/\/nosfea.com\/wp-content\/uploads\/2020\/04\/plus_vert.png&#8221; background_enable_image=&#8221;on&#8221; background_size=&#8221;contain&#8221;][\/et_pb_slide][et_pb_slide heading=&#8221;SPECIFIER&#8221; _builder_version=&#8221;4.4.6&#8243;]<\/p>\n<p>Specifier<\/p>\n<p>SDJQHYDKJHD QSDQSJHDQS QSD JHDSQDH Q DHS QLHQS JDHQS DQSDJ HQQS SQD SQ<\/p>\n<p>[\/et_pb_slide][\/et_pb_slider][et_pb_text _builder_version=&#8221;4.4.6&#8243; text_text_color=&#8221;#e30e20&#8243; text_font_size=&#8221;16px&#8221; text_line_height=&#8221;1em&#8221; header_2_font=&#8221;|700|||||||&#8221; custom_margin=&#8221;||3px|||&#8221; custom_padding=&#8221;||0px|||&#8221;]<\/p>\n<h2>Le design d\u2019une solution digitale simple et intuitive<br \/>qui applique les principes clefs du Lean<\/h2>\n<p>[\/et_pb_text][\/et_pb_column][et_pb_column type=&#8221;1_5&#8243; _builder_version=&#8221;4.4.6&#8243;][et_pb_slider show_pagination=&#8221;off&#8221; arrows_custom_color=&#8221;rgba(0,0,0,0)&#8221; _builder_version=&#8221;4.4.6&#8243; header_text_color=&#8221;#0c71c3&#8243; body_text_color=&#8221;#0c71c3&#8243; background_color=&#8221;rgba(0,0,0,0)&#8221; min_height=&#8221;125px&#8221; custom_margin=&#8221;||-5px|||&#8221;][et_pb_slide use_bg_overlay=&#8221;off&#8221; _builder_version=&#8221;4.4.6&#8243; background_color=&#8221;rgba(0,0,0,0)&#8221; background_enable_color=&#8221;on&#8221; background_image=&#8221;http:\/\/nosfea.com\/wp-content\/uploads\/2020\/04\/plus_bordeaux.png&#8221; background_enable_image=&#8221;on&#8221; background_size=&#8221;contain&#8221;][\/et_pb_slide][et_pb_slide heading=&#8221;SPECIFIER&#8221; _builder_version=&#8221;4.4.6&#8243;]<\/p>\n<p>Specifier<\/p>\n<p>SDJQHYDKJHD QSDQSJHDQS QSD JHDSQDH Q DHS QLHQS JDHQS DQSDJ HQQS SQD SQ<\/p>\n<p>[\/et_pb_slide][\/et_pb_slider][et_pb_text _builder_version=&#8221;4.4.6&#8243; text_text_color=&#8221;#e30e20&#8243; text_font_size=&#8221;16px&#8221; text_line_height=&#8221;1em&#8221; header_2_font=&#8221;|700|||||||&#8221; header_2_text_align=&#8221;left&#8221; header_2_font_size=&#8221;22px&#8221; custom_margin=&#8221;|-28px|3px|||&#8221; custom_padding=&#8221;||0px|||&#8221;]<\/p>\n<h2>Un accompagnement tout au long du projet pour guider les \u00e9quipes dans la digitalisation et la m\u00e9diatisation<\/h2>\n<p>[\/et_pb_text][\/et_pb_column][et_pb_column type=&#8221;1_5&#8243; _builder_version=&#8221;4.4.6&#8243;][et_pb_slider show_pagination=&#8221;off&#8221; arrows_custom_color=&#8221;rgba(0,0,0,0)&#8221; _builder_version=&#8221;4.4.6&#8243; header_text_color=&#8221;#0c71c3&#8243; body_text_color=&#8221;#0c71c3&#8243; background_color=&#8221;rgba(0,0,0,0)&#8221; min_height=&#8221;125px&#8221; custom_margin=&#8221;||-5px|||&#8221;][et_pb_slide use_bg_overlay=&#8221;off&#8221; _builder_version=&#8221;4.4.6&#8243; background_color=&#8221;rgba(0,0,0,0)&#8221; background_enable_color=&#8221;on&#8221; background_image=&#8221;http:\/\/nosfea.com\/wp-content\/uploads\/2020\/04\/plus_rouge.png&#8221; background_enable_image=&#8221;on&#8221; background_size=&#8221;contain&#8221;][\/et_pb_slide][et_pb_slide heading=&#8221;SPECIFIER&#8221; _builder_version=&#8221;4.4.6&#8243;]<\/p>\n<p>Specifier<\/p>\n<p>SDJQHYDKJHD QSDQSJHDQS QSD JHDSQDH Q DHS QLHQS JDHQS DQSDJ HQQS SQD SQ<\/p>\n<p>[\/et_pb_slide][\/et_pb_slider][et_pb_text _builder_version=&#8221;4.4.6&#8243; text_text_color=&#8221;#e30e20&#8243; text_font_size=&#8221;16px&#8221; text_line_height=&#8221;1em&#8221; header_2_font=&#8221;|700|||||||&#8221; custom_margin=&#8221;||3px|||&#8221; custom_padding=&#8221;||0px|||&#8221;]<\/p>\n<h2>Une approche m\u00e9thodologique \u00e9prouv\u00e9e pour vous aider \u00e0 structurer une base de donn\u00e9es op\u00e9rationnelle<br \/>multi-utilisateurs<\/h2>\n<p>[\/et_pb_text][\/et_pb_column][et_pb_column type=&#8221;1_5&#8243; _builder_version=&#8221;4.4.6&#8243;][et_pb_slider show_pagination=&#8221;off&#8221; arrows_custom_color=&#8221;rgba(0,0,0,0)&#8221; _builder_version=&#8221;4.4.6&#8243; header_text_color=&#8221;#0c71c3&#8243; body_text_color=&#8221;#0c71c3&#8243; background_color=&#8221;rgba(0,0,0,0)&#8221; min_height=&#8221;125px&#8221; custom_margin=&#8221;||-5px|||&#8221;][et_pb_slide use_bg_overlay=&#8221;off&#8221; _builder_version=&#8221;4.4.6&#8243; background_color=&#8221;rgba(0,0,0,0)&#8221; background_enable_color=&#8221;on&#8221; background_image=&#8221;http:\/\/nosfea.com\/wp-content\/uploads\/2020\/04\/plus_jaune_orange.png&#8221; background_enable_image=&#8221;on&#8221; background_size=&#8221;contain&#8221;][\/et_pb_slide][et_pb_slide heading=&#8221;SPECIFIER&#8221; _builder_version=&#8221;4.4.6&#8243;]<\/p>\n<p>Specifier<\/p>\n<p>SDJQHYDKJHD QSDQSJHDQS QSD JHDSQDH Q DHS QLHQS JDHQS DQSDJ HQQS SQD SQ<\/p>\n<p>[\/et_pb_slide][\/et_pb_slider][et_pb_text _builder_version=&#8221;4.4.6&#8243; text_text_color=&#8221;#e30e20&#8243; text_font_size=&#8221;16px&#8221; text_line_height=&#8221;1em&#8221; header_2_font=&#8221;|700|||||||&#8221; custom_margin=&#8221;||3px|||&#8221; custom_padding=&#8221;||0px|||&#8221;]<\/p>\n<h2>Une exp\u00e9rience utilisateur &#8220;penser terrain&#8221; pour les \u00e9quipiers<br \/>form\u00e9s et habilit\u00e9s<\/h2>\n<p>[\/et_pb_text][\/et_pb_column][\/et_pb_row][\/et_pb_section][et_pb_section fb_built=&#8221;1&#8243; _builder_version=&#8221;4.4.6&#8243; background_color=&#8221;#474747&#8243; background_image=&#8221;https:\/\/nosfea.com\/wp-content\/uploads\/2020\/12\/background_image_blue2-scaled.jpg&#8221; parallax=&#8221;on&#8221;][et_pb_row column_structure=&#8221;1_2,1_2&#8243; _builder_version=&#8221;4.4.6&#8243; background_color=&#8221;#6b6b6b&#8221; border_style_all=&#8221;none&#8221;][et_pb_column type=&#8221;1_2&#8243; _builder_version=&#8221;4.4.6&#8243; custom_padding=&#8221;100px||100px||true|false&#8221;][et_pb_image src=&#8221;https:\/\/nosfea.com\/wp-content\/uploads\/2020\/04\/plus_multi.png&#8221; title_text=&#8221;plus_multi&#8221; show_bottom_space=&#8221;off&#8221; _builder_version=&#8221;4.4.6&#8243; transform_translate=&#8221;-65px|64px&#8221; transform_translate_linked=&#8221;off&#8221; positioning=&#8221;absolute&#8221; z_index=&#8221;5&#8243; width=&#8221;40.5%&#8221; max_width=&#8221;17%&#8221; min_height=&#8221;100px&#8221; custom_margin=&#8221;||||false|false&#8221; custom_padding=&#8221;||||false|false&#8221; hover_enabled=&#8221;0&#8243; width_last_edited=&#8221;on|phone&#8221; width_phone=&#8221;29.1%&#8221; max_width_last_edited=&#8221;on|phone&#8221; max_width_phone=&#8221;43%&#8221;][\/et_pb_image][et_pb_text _builder_version=&#8221;4.4.6&#8243; header_font=&#8221;Montserrat|900|||||||&#8221; header_text_color=&#8221;#f9d6a4&#8243; header_font_size=&#8221;86px&#8221; header_2_text_color=&#8221;#262626&#8243; header_2_font_size=&#8221;43px&#8221; custom_padding=&#8221;|||62px|false|false&#8221; animation_style=&#8221;slide&#8221; animation_direction=&#8221;bottom&#8221; animation_intensity_slide=&#8221;37%&#8221; animation_starting_opacity=&#8221;12%&#8221;]<\/p>\n<h2 style=\"text-align: left;\">D\u00e9couvrir la solution<\/h2>\n<h1 style=\"text-align: left;\">Easy Touch<\/h1>\n<p>[\/et_pb_text][\/et_pb_column][et_pb_column type=&#8221;1_2&#8243; _builder_version=&#8221;4.4.6&#8243; transform_scale_linked=&#8221;off&#8221; transform_scale_linked__hover=&#8221;on&#8221; transform_translate_linked=&#8221;off&#8221; transform_skew=&#8221;-7deg|1deg&#8221; transform_skew_linked=&#8221;off&#8221; position_origin_a=&#8221;center_right&#8221; position_origin_f=&#8221;center_right&#8221; animation_style=&#8221;fold&#8221; animation_intensity_fold=&#8221;41%&#8221; animation_starting_opacity=&#8221;4%&#8221; hover_transition_duration=&#8221;800ms&#8221; hover_transition_speed_curve=&#8221;ease-in-out&#8221; link_option_url=&#8221;https:\/\/nosfea.com\/index.php\/easy-touch-experience\/&#8221; border_radii=&#8221;on|14px|14px|14px|14px&#8221; border_width_all=&#8221;3px&#8221; border_color_all=&#8221;#fbca8d&#8221; box_shadow_style=&#8221;preset2&#8243; box_shadow_horizontal=&#8221;7px&#8221; box_shadow_blur=&#8221;0px&#8221; box_shadow_color=&#8221;#f9ba6d&#8221; transform_styles__hover_enabled=&#8221;on|hover&#8221; transform_scale__hover_enabled=&#8221;on|hover&#8221; transform_translate__hover_enabled=&#8221;on|hover&#8221; transform_rotate__hover_enabled=&#8221;on|desktop&#8221; transform_skew__hover_enabled=&#8221;on|desktop&#8221; transform_origin__hover_enabled=&#8221;on|desktop&#8221; transform_translate__hover=&#8221;0px|-11px&#8221; transform_scale__hover=&#8221;106%|106%&#8221;][et_pb_image src=&#8221;https:\/\/nosfea.com\/wp-content\/uploads\/2021\/03\/ecran_nosfea.png&#8221; title_text=&#8221;ecran_nosfea&#8221; align=&#8221;center&#8221; _builder_version=&#8221;4.4.6&#8243; background_color=&#8221;#ffffff&#8221; custom_margin=&#8221;||||false|false&#8221; custom_padding=&#8221;35px|18px|35px|18px|true|true&#8221; hover_transition_duration=&#8221;750ms&#8221; hover_transition_speed_curve=&#8221;ease-in-out&#8221; src__hover_enabled=&#8221;off|desktop&#8221; custom_padding__hover_enabled=&#8221;on|desktop&#8221; custom_padding__hover=&#8221;|25px||25px|true|true&#8221;][\/et_pb_image][\/et_pb_column][\/et_pb_row][et_pb_row _builder_version=&#8221;4.4.6&#8243; custom_padding=&#8221;0px||0px||false|false&#8221;][et_pb_column type=&#8221;4_4&#8243; _builder_version=&#8221;4.4.6&#8243; custom_padding=&#8221;0px||0px||true|false&#8221;][et_pb_divider show_divider=&#8221;off&#8221; _builder_version=&#8221;4.4.6&#8243; background_color=&#8221;#fbca8d&#8221; module_alignment=&#8221;center&#8221; custom_margin=&#8221;||||false|false&#8221; custom_padding=&#8221;||||false|false&#8221; border_radii=&#8221;on|32px|32px|32px|32px&#8221; box_shadow_style=&#8221;preset3&#8243; box_shadow_vertical=&#8221;-15px&#8221; box_shadow_blur=&#8221;31px&#8221; box_shadow_spread=&#8221;-1px&#8221; box_shadow_color=&#8221;#fbca8d&#8221;][\/et_pb_divider][\/et_pb_column][\/et_pb_row][\/et_pb_section]<\/p>\n","protected":false},"excerpt":{"rendered":"<p>[et_pb_section fb_built=&#8221;1&#8243; _builder_version=&#8221;4.4.6&#8243; background_color=&#8221;#ffffff&#8221; background_image=&#8221;https:\/\/nosfea.com\/wp-content\/uploads\/2020\/12\/background_image_blue2-scaled.jpg&#8221; custom_padding=&#8221;0px||0px|||&#8221;][et_pb_row column_structure=&#8221;1_2,1_2&#8243; make_equal=&#8221;on&#8221; _builder_version=&#8221;4.4.6&#8243; background_color=&#8221;#4c4c4c&#8221; width=&#8221;100%&#8221; max_width=&#8221;1896px&#8221; custom_padding=&#8221;0px||0px|||&#8221;][et_pb_column type=&#8221;1_2&#8243; _builder_version=&#8221;4.4.6&#8243;][et_pb_text content_tablet=&#8221;&#8221; content_phone=&#8221; Nous facilitons la digitalisation de vos donn\u00e9es utiles pour la ma\u00eetrise op\u00e9rationnelle de vos installations et \u00e9quipements &#8221; content_last_edited=&#8221;on|desktop&#8221; _builder_version=&#8221;4.4.6&#8243; header_font=&#8221;Montserrat|700|||||||&#8221; header_text_color=&#8221;#606060&#8243; header_font_size=&#8221;42px&#8221; header_line_height=&#8221;1.4em&#8221; header_2_font_size=&#8221;25px&#8221; background_color=&#8221;rgba(255,255,255,0.53)&#8221; background_image=&#8221;https:\/\/nosfea.com\/wp-content\/uploads\/2021\/01\/45022186_s.jpg&#8221; background_blend=&#8221;overlay&#8221; width=&#8221;100%&#8221; max_width=&#8221;100%&#8221; module_alignment=&#8221;left&#8221; min_height=&#8221;564px&#8221; min_height_tablet=&#8221;&#8221; min_height_phone=&#8221;&#8221; min_height_last_edited=&#8221;on|phone&#8221; height=&#8221;623px&#8221; height_tablet=&#8221;&#8221; height_phone=&#8221;&#8221; [&hellip;]<\/p>\n","protected":false},"author":1,"featured_media":0,"parent":0,"menu_order":0,"comment_status":"closed","ping_status":"closed","template":"","meta":{"_et_pb_use_builder":"on","_et_pb_old_content":"","_et_gb_content_width":""},"_links":{"self":[{"href":"https:\/\/nosfea.com\/index.php\/wp-json\/wp\/v2\/pages\/52"}],"collection":[{"href":"https:\/\/nosfea.com\/index.php\/wp-json\/wp\/v2\/pages"}],"about":[{"href":"https:\/\/nosfea.com\/index.php\/wp-json\/wp\/v2\/types\/page"}],"author":[{"embeddable":true,"href":"https:\/\/nosfea.com\/index.php\/wp-json\/wp\/v2\/users\/1"}],"replies":[{"embeddable":true,"href":"https:\/\/nosfea.com\/index.php\/wp-json\/wp\/v2\/comments?post=52"}],"version-history":[{"count":39,"href":"https:\/\/nosfea.com\/index.php\/wp-json\/wp\/v2\/pages\/52\/revisions"}],"predecessor-version":[{"id":270,"href":"https:\/\/nosfea.com\/index.php\/wp-json\/wp\/v2\/pages\/52\/revisions\/270"}],"wp:attachment":[{"href":"https:\/\/nosfea.com\/index.php\/wp-json\/wp\/v2\/media?parent=52"}],"curies":[{"name":"wp","href":"https:\/\/api.w.org\/{rel}","templated":true}]}}