{"id":100,"date":"2020-12-18T10:20:32","date_gmt":"2020-12-18T09:20:32","guid":{"rendered":"https:\/\/nosfea.com\/?page_id=100"},"modified":"2021-07-30T16:06:21","modified_gmt":"2021-07-30T14:06:21","slug":"easy-touch-experience","status":"publish","type":"page","link":"https:\/\/nosfea.com\/index.php\/easy-touch-experience\/","title":{"rendered":"Easy Touch Experience"},"content":{"rendered":"<p>[et_pb_section fb_built=&#8221;1&#8243; _builder_version=&#8221;4.4.6&#8243; background_color=&#8221;#474747&#8243; background_image=&#8221;https:\/\/nosfea.com\/wp-content\/uploads\/2020\/12\/background_image_blue2-scaled.jpg&#8221; parallax=&#8221;on&#8221;][et_pb_row column_structure=&#8221;1_2,1_2&#8243; _builder_version=&#8221;4.4.6&#8243; background_color=&#8221;rgba(107,107,107,0.82)&#8221; border_style_all=&#8221;none&#8221;][et_pb_column type=&#8221;1_2&#8243; _builder_version=&#8221;4.4.6&#8243; custom_padding=&#8221;100px||100px||true|false&#8221;][et_pb_image src=&#8221;https:\/\/nosfea.com\/wp-content\/uploads\/2020\/04\/plus_multi.png&#8221; title_text=&#8221;plus_multi&#8221; show_bottom_space=&#8221;off&#8221; _builder_version=&#8221;4.4.6&#8243; transform_translate=&#8221;-65px|64px&#8221; transform_translate_linked=&#8221;off&#8221; positioning=&#8221;absolute&#8221; z_index=&#8221;5&#8243; width=&#8221;40.5%&#8221; max_width=&#8221;17%&#8221; min_height=&#8221;100px&#8221; custom_margin=&#8221;||||false|false&#8221; custom_padding=&#8221;||||false|false&#8221;][\/et_pb_image][et_pb_text _builder_version=&#8221;4.4.6&#8243; header_font=&#8221;Montserrat|900|||||||&#8221; header_text_color=&#8221;#f9d6a4&#8243; header_font_size=&#8221;86px&#8221; header_2_text_color=&#8221;#262626&#8243; header_2_font_size=&#8221;43px&#8221; custom_padding=&#8221;|||62px|false|false&#8221; animation_style=&#8221;slide&#8221; animation_direction=&#8221;bottom&#8221; animation_intensity_slide=&#8221;37%&#8221; animation_starting_opacity=&#8221;12%&#8221;]<\/p>\n<h2 style=\"text-align: left;\">D\u00e9couvrir la solution<\/h2>\n<h1 style=\"text-align: left;\">Easy Touch<\/h1>\n<p>[\/et_pb_text][\/et_pb_column][et_pb_column type=&#8221;1_2&#8243; _builder_version=&#8221;4.4.6&#8243; transform_scale_linked=&#8221;off&#8221; transform_scale_linked__hover=&#8221;on&#8221; transform_translate_linked=&#8221;off&#8221; transform_skew=&#8221;-7deg|1deg&#8221; transform_skew_linked=&#8221;off&#8221; position_origin_a=&#8221;center_right&#8221; position_origin_f=&#8221;center_right&#8221; animation_style=&#8221;fold&#8221; animation_intensity_fold=&#8221;41%&#8221; animation_starting_opacity=&#8221;4%&#8221; hover_transition_duration=&#8221;800ms&#8221; hover_transition_speed_curve=&#8221;ease-in-out&#8221; border_radii=&#8221;on|14px|14px|14px|14px&#8221; border_width_all=&#8221;3px&#8221; border_color_all=&#8221;#fbca8d&#8221; box_shadow_style=&#8221;preset2&#8243; box_shadow_horizontal=&#8221;7px&#8221; box_shadow_blur=&#8221;0px&#8221; box_shadow_color=&#8221;#f9ba6d&#8221; transform_styles__hover_enabled=&#8221;on|hover&#8221; transform_scale__hover_enabled=&#8221;on|hover&#8221; transform_translate__hover_enabled=&#8221;on|hover&#8221; transform_rotate__hover_enabled=&#8221;on|desktop&#8221; transform_skew__hover_enabled=&#8221;on|desktop&#8221; transform_origin__hover_enabled=&#8221;on|desktop&#8221; transform_translate__hover=&#8221;0px|-11px&#8221; transform_scale__hover=&#8221;106%|106%&#8221;][et_pb_image src=&#8221;https:\/\/nosfea.com\/wp-content\/uploads\/2021\/03\/ecran_nosfea.png&#8221; title_text=&#8221;ecran_nosfea&#8221; align=&#8221;center&#8221; _builder_version=&#8221;4.4.6&#8243; background_color=&#8221;#ffffff&#8221; custom_margin=&#8221;||||false|false&#8221; custom_padding=&#8221;35px|18px|35px|18px|true|true&#8221; hover_transition_duration=&#8221;750ms&#8221; hover_transition_speed_curve=&#8221;ease-in-out&#8221; src__hover_enabled=&#8221;off|desktop&#8221; custom_padding__hover_enabled=&#8221;on|desktop&#8221; custom_padding__hover=&#8221;|25px||25px|true|true&#8221;][\/et_pb_image][\/et_pb_column][\/et_pb_row][et_pb_row _builder_version=&#8221;4.4.6&#8243; custom_padding=&#8221;0px||0px||false|false&#8221;][et_pb_column type=&#8221;4_4&#8243; _builder_version=&#8221;4.4.6&#8243; custom_padding=&#8221;0px||0px||true|false&#8221;][et_pb_divider show_divider=&#8221;off&#8221; _builder_version=&#8221;4.4.6&#8243; background_color=&#8221;#fbca8d&#8221; module_alignment=&#8221;center&#8221; custom_margin=&#8221;||||false|false&#8221; custom_padding=&#8221;||||false|false&#8221; border_radii=&#8221;on|32px|32px|32px|32px&#8221; box_shadow_style=&#8221;preset3&#8243; box_shadow_vertical=&#8221;-15px&#8221; box_shadow_blur=&#8221;31px&#8221; box_shadow_spread=&#8221;-1px&#8221; box_shadow_color=&#8221;#fbca8d&#8221;][\/et_pb_divider][\/et_pb_column][\/et_pb_row][\/et_pb_section][et_pb_section fb_built=&#8221;1&#8243; _builder_version=&#8221;4.4.6&#8243; custom_padding=&#8221;0px||2px|||&#8221;][et_pb_row column_structure=&#8221;1_3,2_3&#8243; _builder_version=&#8221;4.4.6&#8243; custom_padding=&#8221;||0px|||&#8221;][et_pb_column type=&#8221;1_3&#8243; _builder_version=&#8221;4.4.6&#8243;][et_pb_image src=&#8221;https:\/\/nosfea.com\/wp-content\/uploads\/2021\/03\/shutterstock_128187719-scaled.jpg&#8221; title_text=&#8221;shutterstock_128187719&#8243; _builder_version=&#8221;4.4.6&#8243;][\/et_pb_image][\/et_pb_column][et_pb_column type=&#8221;2_3&#8243; _builder_version=&#8221;4.4.6&#8243;][et_pb_text _builder_version=&#8221;4.4.6&#8243; header_font_size=&#8221;44px&#8221; custom_padding=&#8221;1px|||||&#8221;]<\/p>\n<h1><b>Un service Digital permettant de disposer d&#8217;une base d&#8217;informations structur\u00e9e et partag\u00e9e client &#8211; fournisseurs<\/b><\/h1>\n<p>[\/et_pb_text][et_pb_text _builder_version=&#8221;4.4.6&#8243;]<\/p>\n<h2>Disponible en <b>tout lieu<\/b>, \u00e0 <b>tout moment <\/b>pour <b>tout acteur<\/b> identifi\u00e9 de la cha\u00eene de valeur globale de l\u2019entreprise. Cette base de donn\u00e9es permet de stocker et hi\u00e9rarchiser les diff\u00e9rents supports de donn\u00e9es utilis\u00e9s et cr\u00e9\u00e9s lors des cycles projet client et les \u00e9changes entre les \u00e9quipes:<\/h2>\n<ul>\n<li>Cahier des charges<\/li>\n<li>Devis<\/li>\n<li>Plan de faisabilit\u00e9 technique<\/li>\n<li>Approbation client<\/li>\n<li>Documentation technique \/ formation<\/li>\n<li>Installation \/ Qualification (IQ \/ OQ)<\/li>\n<li>Maintenance &#8211; SAV<\/li>\n<\/ul>\n<p>&nbsp;<\/p>\n<p>&nbsp;<\/p>\n<p>[\/et_pb_text][\/et_pb_column][\/et_pb_row][et_pb_row column_structure=&#8221;3_5,2_5&#8243; _builder_version=&#8221;4.4.6&#8243;][et_pb_column type=&#8221;3_5&#8243; _builder_version=&#8221;4.4.6&#8243;][et_pb_text _builder_version=&#8221;4.4.6&#8243;]<\/p>\n<h1><b>Pouvoir faire face aux imprevus et \u00e0 l&#8217;impossibilit\u00e9 d&#8217;\u00eatre sur site<\/b><\/h1>\n<h3><\/h3>\n<h3><\/h3>\n<h3>La pand\u00e9mie de Coronavirus nous a montr\u00e9 \u00e0 tous les difficult\u00e9s auxquelles les entreprises pouvaient faire face dans la transmission des expertises et le suivi des op\u00e9rations du fait des nombreux confinements et mesures li\u00e9es au t\u00e9l\u00e9travail.<\/h3>\n<h3>Disposer d&#8217;une base de donn\u00e9es accessible facilement en ligne, avec tous les expertises, savoir-faire et donn\u00e9es op\u00e9rationnelles de son entreprise est plus que jamais une n\u00e9cessit\u00e9.<\/h3>\n<ul><\/ul>\n<p>&nbsp;<\/p>\n<p>&nbsp;<\/p>\n<p>[\/et_pb_text][\/et_pb_column][et_pb_column type=&#8221;2_5&#8243; _builder_version=&#8221;4.4.6&#8243;][et_pb_image src=&#8221;https:\/\/nosfea.com\/wp-content\/uploads\/2021\/03\/youtuber-2838945_1920.jpg&#8221; title_text=&#8221;youtuber-2838945_1920&#8243; _builder_version=&#8221;4.4.6&#8243;][\/et_pb_image][\/et_pb_column][\/et_pb_row][\/et_pb_section][et_pb_section fb_built=&#8221;1&#8243; _builder_version=&#8221;4.4.6&#8243; custom_padding=&#8221;33px|||||&#8221;][et_pb_row _builder_version=&#8221;4.4.6&#8243; custom_padding=&#8221;||28px|||&#8221;][et_pb_column type=&#8221;4_4&#8243; _builder_version=&#8221;4.4.6&#8243;][et_pb_text _builder_version=&#8221;4.4.6&#8243; header_text_align=&#8221;center&#8221; header_font_size=&#8221;47px&#8221; custom_padding=&#8221;0px|||||&#8221;]<\/p>\n<h1><b>L&#8217;espace Easy touch Digital Service<\/b><\/h1>\n<h1><b>Une exp\u00e9rience<\/b>\u00a0de la culture digitale \u00ab\u00a0terrain\u00a0\u00bb<\/h1>\n<p>[\/et_pb_text][et_pb_text _builder_version=&#8221;4.4.6&#8243; header_text_align=&#8221;center&#8221; header_font_size=&#8221;47px&#8221; custom_padding=&#8221;||10px|||&#8221;]<\/p>\n<h2 style=\"text-align: center;\">La cr\u00e9ation de Easy touch rel\u00e8ve d\u2019une volont\u00e9 partag\u00e9e: <b>\u00ab\u00a0<\/b><b>Make<\/b> <b>it<\/b><b> Digital <\/b><b>Easy<\/b><b> !\u00a0\u00bb<\/b><\/h2>\n<p>[\/et_pb_text][\/et_pb_column][\/et_pb_row][et_pb_row column_structure=&#8221;1_2,1_2&#8243; _builder_version=&#8221;4.4.6&#8243;][et_pb_column type=&#8221;1_2&#8243; _builder_version=&#8221;4.4.6&#8243;][et_pb_image src=&#8221;https:\/\/nosfea.com\/wp-content\/uploads\/2021\/03\/Image3.png&#8221; title_text=&#8221;Image3&#8243; align=&#8221;center&#8221; force_fullwidth=&#8221;on&#8221; _builder_version=&#8221;4.4.6&#8243;][\/et_pb_image][\/et_pb_column][et_pb_column type=&#8221;1_2&#8243; _builder_version=&#8221;4.4.6&#8243;][et_pb_text _builder_version=&#8221;4.4.6&#8243; header_text_color=&#8221;#E4B632&#8243;]<\/p>\n<h1><b>Qualifiez votre projet Easy touch 5 clics<\/b><\/h1>\n<p><b><\/b><\/p>\n<ul>\n<li>\n<h4><b>Fixer un cadre de r\u00e9f\u00e9rence et pr\u00e9senter un mod\u00e8le de digitalisation<\/b> <b>simple et \u00e9volutif <\/b>(Rex) avec des usages d\u00e9finis et \u00e9volutifs(m\u00e9trologie, qualification, op\u00e9rateurs, maintenance..)<\/h4>\n<\/li>\n<\/ul>\n<h4>\u00a0<\/h4>\n<ul>\n<li>\n<h4><b>D\u00e9finir le r\u00e9f\u00e9rentiel d\u2019informations techniques FOURNISSEUR &amp; UTILISATEUR <\/b>indispensable \u00e0 la <b>PARFAITE MAITRISE<\/b> op\u00e9rationnelle d\u2019un process, des \u00e9quipements, d\u2019un process administratif\u2026<\/h4>\n<\/li>\n<\/ul>\n<h4><\/h4>\n<ul>\n<li>\n<h4><b>Acc\u00e9der \u00e0 toutes les informations <\/b>utiles en temps r\u00e9el et en 5 clics, g\u00e9olocalis\u00e9es, et avec des visualisations media adapt\u00e9es: <b><i>vid\u00e9o-animation-sch\u00e9ma-documents, <\/i><\/b><b><i>word<\/i><\/b><b><i> \/<\/i><\/b><b><i>pdf<\/i><\/b><b><i>, photo 360\u00b0\u2026<\/i><\/b><\/h4>\n<\/li>\n<\/ul>\n<h4><b><i><\/i><\/b><\/h4>\n<ul>\n<li>\n<h4><b>G\u00e9rer les Profils auteurs \/ Profils utilisateurs<\/b><b><br \/> <\/b>et pr\u00e9ciser les r\u00f4les Clients et Fournisseurs<\/h4>\n<\/li>\n<\/ul>\n<p>[\/et_pb_text][\/et_pb_column][\/et_pb_row][\/et_pb_section]<\/p>\n","protected":false},"excerpt":{"rendered":"<p>[et_pb_section fb_built=&#8221;1&#8243; _builder_version=&#8221;4.4.6&#8243; background_color=&#8221;#474747&#8243; background_image=&#8221;https:\/\/nosfea.com\/wp-content\/uploads\/2020\/12\/background_image_blue2-scaled.jpg&#8221; parallax=&#8221;on&#8221;][et_pb_row column_structure=&#8221;1_2,1_2&#8243; _builder_version=&#8221;4.4.6&#8243; background_color=&#8221;rgba(107,107,107,0.82)&#8221; border_style_all=&#8221;none&#8221;][et_pb_column type=&#8221;1_2&#8243; _builder_version=&#8221;4.4.6&#8243; custom_padding=&#8221;100px||100px||true|false&#8221;][et_pb_image src=&#8221;https:\/\/nosfea.com\/wp-content\/uploads\/2020\/04\/plus_multi.png&#8221; title_text=&#8221;plus_multi&#8221; show_bottom_space=&#8221;off&#8221; _builder_version=&#8221;4.4.6&#8243; transform_translate=&#8221;-65px|64px&#8221; transform_translate_linked=&#8221;off&#8221; positioning=&#8221;absolute&#8221; z_index=&#8221;5&#8243; width=&#8221;40.5%&#8221; max_width=&#8221;17%&#8221; min_height=&#8221;100px&#8221; custom_margin=&#8221;||||false|false&#8221; custom_padding=&#8221;||||false|false&#8221;][\/et_pb_image][et_pb_text _builder_version=&#8221;4.4.6&#8243; header_font=&#8221;Montserrat|900|||||||&#8221; header_text_color=&#8221;#f9d6a4&#8243; header_font_size=&#8221;86px&#8221; header_2_text_color=&#8221;#262626&#8243; header_2_font_size=&#8221;43px&#8221; custom_padding=&#8221;|||62px|false|false&#8221; animation_style=&#8221;slide&#8221; animation_direction=&#8221;bottom&#8221; animation_intensity_slide=&#8221;37%&#8221; animation_starting_opacity=&#8221;12%&#8221;] D\u00e9couvrir la solution Easy Touch [\/et_pb_text][\/et_pb_column][et_pb_column type=&#8221;1_2&#8243; _builder_version=&#8221;4.4.6&#8243; transform_scale_linked=&#8221;off&#8221; transform_scale_linked__hover=&#8221;on&#8221; transform_translate_linked=&#8221;off&#8221; transform_skew=&#8221;-7deg|1deg&#8221; transform_skew_linked=&#8221;off&#8221; position_origin_a=&#8221;center_right&#8221; position_origin_f=&#8221;center_right&#8221; animation_style=&#8221;fold&#8221; animation_intensity_fold=&#8221;41%&#8221; animation_starting_opacity=&#8221;4%&#8221; [&hellip;]<\/p>\n","protected":false},"author":1,"featured_media":0,"parent":0,"menu_order":0,"comment_status":"closed","ping_status":"closed","template":"","meta":{"_et_pb_use_builder":"on","_et_pb_old_content":"","_et_gb_content_width":""},"_links":{"self":[{"href":"https:\/\/nosfea.com\/index.php\/wp-json\/wp\/v2\/pages\/100"}],"collection":[{"href":"https:\/\/nosfea.com\/index.php\/wp-json\/wp\/v2\/pages"}],"about":[{"href":"https:\/\/nosfea.com\/index.php\/wp-json\/wp\/v2\/types\/page"}],"author":[{"embeddable":true,"href":"https:\/\/nosfea.com\/index.php\/wp-json\/wp\/v2\/users\/1"}],"replies":[{"embeddable":true,"href":"https:\/\/nosfea.com\/index.php\/wp-json\/wp\/v2\/comments?post=100"}],"version-history":[{"count":14,"href":"https:\/\/nosfea.com\/index.php\/wp-json\/wp\/v2\/pages\/100\/revisions"}],"predecessor-version":[{"id":255,"href":"https:\/\/nosfea.com\/index.php\/wp-json\/wp\/v2\/pages\/100\/revisions\/255"}],"wp:attachment":[{"href":"https:\/\/nosfea.com\/index.php\/wp-json\/wp\/v2\/media?parent=100"}],"curies":[{"name":"wp","href":"https:\/\/api.w.org\/{rel}","templated":true}]}}